{"id":3920,"date":"2019-07-09T05:13:53","date_gmt":"2019-07-09T03:13:53","guid":{"rendered":"http:\/\/solvenza.interestelar.space\/?page_id=3920"},"modified":"2024-10-16T16:27:58","modified_gmt":"2024-10-16T22:27:58","slug":"beneficios-y-productos","status":"publish","type":"page","link":"https:\/\/www.solvenza.hn\/solvenzahn\/beneficios-y-productos\/","title":{"rendered":"Beneficios y Productos"},"content":{"rendered":"<p>[vc_row row_space=\u00bbremove_padding\u00bb][vc_column][vc_row_inner][vc_column_inner el_class=\u00bbtext-center\u00bb][vc_single_image image=\u00bb9154&#8243; img_size=\u00bblarge\u00bb alignment=\u00bbcenter\u00bb][\/vc_column_inner][vc_column_inner el_class=\u00bbtext-center\u00bb][gva_icon_box title=\u00bbTu Cr\u00e9dito \u00e1gil en 45 minutos\u00bb icon_position=\u00bbtop-left-title\u00bb icon_width=\u00bbfa-2x\u00bb margin_bottom=\u00bb\u00bb image=\u00bb9183&#8243; el_class=\u00bbicon-sol icon-header\u00bb][\/vc_column_inner][\/vc_row_inner][vc_row_inner css=\u00bb.vc_custom_1726103238715{margin-top: 20px !important;margin-right: 20px !important;}\u00bb][vc_column_inner width=\u00bb1\/2&#8243;][gva_icon_box title=\u00bbPre-aprobaci\u00f3n inmediata\u00bb icon_position=\u00bbtop-left-title\u00bb image=\u00bb9253&#8243; el_class=\u00bbicon-sol\u00bb][vc_column_text]Tu cr\u00e9dito \u00e1gil en 45 minutos si eres cliente nuevo, si ya eres cliente puedes obtener tu compra al cr\u00e9dito al instante.[\/vc_column_text][\/vc_column_inner][vc_column_inner width=\u00bb1\/2&#8243;][gva_icon_box title=\u00bb\u00danica l\u00ednea de Cr\u00e9dito\u00bb icon_position=\u00bbtop-left-title\u00bb el_class=\u00bbicon-sol\u00bb image=\u00bb9251&#8243;][vc_column_text]Con tu cr\u00e9dito Solvenza puedes realizar tus compras en Jetstereo, Jetstereo Express, Ultramotor y Motomundo a nivel nacional.[\/vc_column_text][\/vc_column_inner][\/vc_row_inner][vc_row_inner][vc_column_inner width=\u00bb1\/2&#8243;][gva_icon_box title=\u00bbElige tu fecha de pago\u00bb icon_position=\u00bbtop-left-title\u00bb image=\u00bb9254&#8243; el_class=\u00bbicon-sol\u00bb][vc_column_text]La mayor\u00eda de las compa\u00f1\u00edas crediticias te imponen una fecha de pago, sea conveniente o no para ti. Ahora t\u00fa eliges la fecha de pago, cuando funcione mejor para ti.[\/vc_column_text][\/vc_column_inner][vc_column_inner width=\u00bb1\/2&#8243;][gva_icon_box title=\u00bbPlazos a la medida\u00bb icon_position=\u00bbtop-left-title\u00bb image=\u00bb9257&#8243; el_class=\u00bbicon-sol\u00bb][vc_column_text]Realiza tus pagos desde 3 hasta 48 meses plazo.[\/vc_column_text][\/vc_column_inner][\/vc_row_inner][\/vc_column][\/vc_row][vc_row row_space=\u00bbremove_padding\u00bb css=\u00bb.vc_custom_1726103260638{margin-right: 20px !important;}\u00bb][vc_column][vc_row_inner][vc_column_inner width=\u00bb1\/2&#8243;][gva_icon_box title=\u00bbL\u00ednea de cr\u00e9dito en efectivo\u00bb icon_position=\u00bbtop-left-title\u00bb image=\u00bb9255&#8243; el_class=\u00bbicon-sol\u00bb][vc_column_text]A trav\u00e9s de Solvenza Cash podr\u00e1s obtener un pr\u00e9stamos en efectivo habilitado en tu l\u00ednea de cr\u00e9dito al mantener un buen record crediticio.[\/vc_column_text][\/vc_column_inner][vc_column_inner width=\u00bb1\/2&#8243;][gva_icon_box title=\u00bbPagos en l\u00ednea\u00bb icon_position=\u00bbtop-left-title\u00bb image=\u00bb9256&#8243; el_class=\u00bbicon-sol\u00bb][vc_column_text]Realiza los pagos de tus cuotas en l\u00ednea desde cualquier lugar https:\/\/www.solvenza.hn\/solvenzahn\/clientes\/[\/vc_column_text][\/vc_column_inner][\/vc_row_inner][vc_row_inner][vc_column_inner width=\u00bb1\/2&#8243;][gva_icon_box title=\u00bbAmplia red de pagos\u00bb icon_position=\u00bbtop-left-title\u00bb image=\u00bb9252&#8243; el_class=\u00bbicon-sol\u00bb][vc_column_text]Podr\u00e1s realizar tus pagos en\u00a0www.solvenza.hn\u00a0o en +700 puntos de pago a nivel nacional.[\/vc_column_text][\/vc_column_inner][\/vc_row_inner][vc_empty_space][vc_separator border_width=\u00bb3&#8243;][vc_empty_space][vc_row_inner disable_element=\u00bbyes\u00bb][vc_column_inner width=\u00bb1\/2&#8243;][gva_icon_box title=\u00bbPilar\u00bb image=\u00bb4274&#8243;][vc_column_text el_class=\u00bbnuevo-cambio-de-texto-beneficios-productos\u00bb]\u201dTrabajo de manera independiente y todav\u00eda no he establecido un historial de cr\u00e9dito\u201d.<br \/>\nPuedes aplicar a cr\u00e9dito Solvenza simplemente proporcionando tu Identidad y respondiendo algunas preguntas que nos ayudar\u00e1n a determinar el mejor plan de cr\u00e9dito que se ajuste a tu presupuesto.[\/vc_column_text][\/vc_column_inner][vc_column_inner width=\u00bb1\/2&#8243;][gva_icon_box title=\u00bbLuis\u00bb image=\u00bb4273&#8243;][vc_column_text el_class=\u00bbnuevo-cambio-de-texto-beneficios-productos\u00bb]\u201dMi tarjeta de cr\u00e9dito estableci\u00f3 la fecha de pago tres d\u00edas antes de recibir mi sueldo\u201d.<br \/>\nAhora t\u00fa pones las condiciones. Elige el d\u00eda de pago que m\u00e1s te convenga.[\/vc_column_text][\/vc_column_inner][\/vc_row_inner][vc_row_inner disable_element=\u00bbyes\u00bb][vc_column_inner width=\u00bb1\/2&#8243;][gva_icon_box title=\u00bbSonia\u00bb image=\u00bb4591&#8243;][vc_column_text el_class=\u00bbnuevo-cambio-de-texto-beneficios-productos\u00bb]\u201dEstoy cansada de atravesar la ciudad para hacer mis pagos mensuales\u201d.<br \/>\nPuedes hacer tus pagos mensuales en cualquiera de las tiendas de nuestros socios comerciales, sin importar d\u00f3nde hayas hecho la compra. Solo busca la tienda m\u00e1s cercana.[\/vc_column_text][\/vc_column_inner][\/vc_row_inner][\/vc_column][\/vc_row][vc_section el_id=\u00bbboton-get\u00bb][vc_row][vc_column][vc_btn title=\u00bbIniciemos\u00bb style=\u00bbflat\u00bb shape=\u00bbsquare\u00bb color=\u00bbsuccess\u00bb size=\u00bblg\u00bb align=\u00bbcenter\u00bb i_icon_fontawesome=\u00bbfa fa-arrow-circle-o-right\u00bb button_block=\u00bbtrue\u00bb add_icon=\u00bbtrue\u00bb link=\u00bburl:%2Fsolvenzahn%2Finiciemos%2F|title:Get%20Started||\u00bb][\/vc_column][\/vc_row][\/vc_section]<\/p>\n","protected":false},"excerpt":{"rendered":"<p>[vc_row row_space=\u00bbremove_padding\u00bb][vc_column][vc_row_inner][vc_column_inner el_class=\u00bbtext-center\u00bb][vc_single_image image=\u00bb9154&#8243; img_size=\u00bblarge\u00bb alignment=\u00bbcenter\u00bb][\/vc_column_inner][vc_column_inner el_class=\u00bbtext-center\u00bb][gva_icon_box title=\u00bbTu Cr\u00e9dito \u00e1gil en 45 minutos\u00bb icon_position=\u00bbtop-left-title\u00bb icon_width=\u00bbfa-2x\u00bb margin_bottom=\u00bb\u00bb image=\u00bb9183&#8243; el_class=\u00bbicon-sol icon-header\u00bb][\/vc_column_inner][\/vc_row_inner][vc_row_inner css=\u00bb.vc_custom_1726103238715{margin-top: 20px !important;margin-right: 20px !important;}\u00bb][vc_column_inner width=\u00bb1\/2&#8243;][gva_icon_box title=\u00bbPre-aprobaci\u00f3n inmediata\u00bb icon_position=\u00bbtop-left-title\u00bb image=\u00bb9253&#8243; el_class=\u00bbicon-sol\u00bb][vc_column_text]Tu cr\u00e9dito \u00e1gil en 45 minutos si eres cliente nuevo, si ya eres cliente puedes obtener tu compra al cr\u00e9dito al instante.[\/vc_column_text][\/vc_column_inner][vc_column_inner width=\u00bb1\/2&#8243;][gva_icon_box title=\u00bb\u00danica l\u00ednea de [&hellip;]<\/p>\n","protected":false},"author":11,"featured_media":0,"parent":0,"menu_order":0,"comment_status":"closed","ping_status":"closed","template":"","meta":{"om_disable_all_campaigns":false,"_uf_show_specific_survey":0,"_uf_disable_surveys":false,"cybocfi_hide_featured_image":""},"aioseo_notices":[],"_links":{"self":[{"href":"https:\/\/www.solvenza.hn\/solvenzahn\/wp-json\/wp\/v2\/pages\/3920"}],"collection":[{"href":"https:\/\/www.solvenza.hn\/solvenzahn\/wp-json\/wp\/v2\/pages"}],"about":[{"href":"https:\/\/www.solvenza.hn\/solvenzahn\/wp-json\/wp\/v2\/types\/page"}],"author":[{"embeddable":true,"href":"https:\/\/www.solvenza.hn\/solvenzahn\/wp-json\/wp\/v2\/users\/11"}],"replies":[{"embeddable":true,"href":"https:\/\/www.solvenza.hn\/solvenzahn\/wp-json\/wp\/v2\/comments?post=3920"}],"version-history":[{"count":151,"href":"https:\/\/www.solvenza.hn\/solvenzahn\/wp-json\/wp\/v2\/pages\/3920\/revisions"}],"predecessor-version":[{"id":9258,"href":"https:\/\/www.solvenza.hn\/solvenzahn\/wp-json\/wp\/v2\/pages\/3920\/revisions\/9258"}],"wp:attachment":[{"href":"https:\/\/www.solvenza.hn\/solvenzahn\/wp-json\/wp\/v2\/media?parent=3920"}],"curies":[{"name":"wp","href":"https:\/\/api.w.org\/{rel}","templated":true}]}}