{"id":4503,"date":"2019-07-25T06:56:58","date_gmt":"2019-07-25T04:56:58","guid":{"rendered":"http:\/\/solvenza.interestelar.space\/?page_id=4503"},"modified":"2020-03-13T10:26:16","modified_gmt":"2020-03-13T16:26:16","slug":"socio-comercial","status":"publish","type":"page","link":"https:\/\/www.solvenza.hn\/solvenzahn\/socio-comercial\/","title":{"rendered":"Socio Comercial"},"content":{"rendered":"<p>[vc_row row_space=\u00bbremove_padding\u00bb][vc_column][gva_block_heading title=\u00bb\u00bfQuieres que tu empresa se beneficie ofreciendo Cr\u00e9dito Solvenza?\u00bb desc=\u00bbSi quieres aprender m\u00e1s sobre convertirte en socio comercial llena la siguiente informaci\u00f3n y pronto uno de nuestros agentes de venta te contactar\u00e1.\u00bb]\n<div class=\"wpcf7 no-js\" id=\"wpcf7-f4506-o1\" lang=\"es-ES\" dir=\"ltr\">\n<div class=\"screen-reader-response\"><p role=\"status\" aria-live=\"polite\" aria-atomic=\"true\"><\/p> <ul><\/ul><\/div>\n<form action=\"\/solvenzahn\/wp-json\/wp\/v2\/pages\/4503#wpcf7-f4506-o1\" method=\"post\" class=\"wpcf7-form init\" aria-label=\"Formulario de contacto\" novalidate=\"novalidate\" data-status=\"init\">\n<div style=\"display: none;\">\n<input type=\"hidden\" name=\"_wpcf7\" value=\"4506\" \/>\n<input type=\"hidden\" name=\"_wpcf7_version\" value=\"5.7.7\" \/>\n<input type=\"hidden\" name=\"_wpcf7_locale\" value=\"es_ES\" \/>\n<input type=\"hidden\" name=\"_wpcf7_unit_tag\" value=\"wpcf7-f4506-o1\" \/>\n<input type=\"hidden\" name=\"_wpcf7_container_post\" value=\"0\" \/>\n<input type=\"hidden\" name=\"_wpcf7_posted_data_hash\" value=\"\" \/>\n<\/div>\n<div class=\"contact-feedback-form socio-com\">\n\t<div class=\"row\">\n\t\t<div class=\"col-sm-4 col-xs-12\">\n\t\t\t<p><label>Nombre *<\/label><span class=\"wpcf7-form-control-wrap\" data-name=\"your-name\"><input size=\"40\" class=\"wpcf7-form-control wpcf7-text wpcf7-validates-as-required\" aria-required=\"true\" aria-invalid=\"false\" placeholder=\"Nombre\" value=\"\" type=\"text\" name=\"your-name\" \/><\/span>\n\t\t\t<\/p>\n\t\t<\/div>\n\t<\/div>\n\t<div class=\"row\">\n\t\t<div class=\"col-sm-4 col-xs-12\">\n\t\t\t<p><label>Apellido *<\/label><span class=\"wpcf7-form-control-wrap\" data-name=\"your-lastname\"><input size=\"40\" class=\"wpcf7-form-control wpcf7-text wpcf7-validates-as-required\" aria-required=\"true\" aria-invalid=\"false\" placeholder=\"Apellido\" value=\"\" type=\"text\" name=\"your-lastname\" \/><\/span>\n\t\t\t<\/p>\n\t\t<\/div>\n\t<\/div>\n\t<div class=\"row\">\n\t\t<div class=\"col-sm-4 col-xs-12\">\n\t\t\t<p><label>Correo Electr\u00f3nico *<\/label><span class=\"wpcf7-form-control-wrap\" data-name=\"your-email\"><input size=\"40\" class=\"wpcf7-form-control wpcf7-text wpcf7-email wpcf7-validates-as-required wpcf7-validates-as-email\" aria-required=\"true\" aria-invalid=\"false\" placeholder=\"Correo electr\u00f3nico\" value=\"\" type=\"email\" name=\"your-email\" \/><\/span>\n\t\t\t<\/p>\n\t\t<\/div>\n\t<\/div>\n\t<div class=\"row\">\n\t\t<div class=\"col-xs-12\">\n\t\t\t<p><label>Comentario<\/label><span class=\"wpcf7-form-control-wrap\" data-name=\"your-comentario\"><textarea cols=\"40\" rows=\"6\" class=\"wpcf7-form-control wpcf7-textarea wpcf7-validates-as-required\" aria-required=\"true\" aria-invalid=\"false\" placeholder=\"Mensaje\" name=\"your-comentario\"><\/textarea><\/span>\n\t\t\t<\/p>\n\t\t<\/div>\n\t<\/div>\n\t<div class=\"col-xs-12 action\" style=\"display: flex; padding: 0 30px;\">\n\t\t<div class=\"form-action\">\n\t\t\t<p><input class=\"wpcf7-form-control has-spinner wpcf7-submit\" type=\"submit\" value=\"Enviar\" \/>\n\t\t\t<\/p>\n\t\t<\/div>\n\t<\/div>\n<\/div><input type='hidden' class='wpcf7-pum' value='{\"closepopup\":false,\"closedelay\":0,\"openpopup\":false,\"openpopup_id\":0}' \/><div class=\"wpcf7-response-output\" aria-hidden=\"true\"><\/div>\n<\/form>\n<\/div>\n[vc_raw_js]JTNDc2NyaXB0JTNFJTBBZG9jdW1lbnQuYWRkRXZlbnRMaXN0ZW5lciUyOCUyMCUyN3dwY2Y3bWFpbHNlbnQlMjclMkMlMjBmdW5jdGlvbiUyOCUyMGV2ZW50JTIwJTI5JTIwJTdCJTBBJTIwJTIwJTIwJTIwY29uc29sZS5sb2clMjglMjdSZWRpcmlnaWVuZG8lMjBhJTIwcCVDMyVBMWdpbmElMjBkZSUyMGFncmFkZWNpbWllbnRvJTI3JTI5JTNCJTBBJTIwJTIwJTIwJTIwbG9jYXRpb24lMjAlM0QlMjAlMjdodHRwJTNBJTJGJTJGd3d3LnNvbHZlbnphLmhuJTJGc29sdmVuemFobiUyRmdyYWNpYXMlMkYlMjclM0IlMEElN0QlMkMlMjBmYWxzZSUyMCUyOSUzQiUwQSUzQyUyRnNjcmlwdCUzRQ==[\/vc_raw_js][\/vc_column][\/vc_row][vc_section el_id=\u00bbboton-get\u00bb][vc_row][vc_column][vc_btn title=\u00bbIniciemos\u00bb style=\u00bbflat\u00bb shape=\u00bbsquare\u00bb color=\u00bbsuccess\u00bb size=\u00bblg\u00bb align=\u00bbcenter\u00bb i_icon_fontawesome=\u00bbfa fa-arrow-circle-o-right\u00bb button_block=\u00bbtrue\u00bb add_icon=\u00bbtrue\u00bb link=\u00bburl:%2Fsolvenzahn%2Finiciemos%2F|title:Iniciemos||\u00bb][\/vc_column][\/vc_row][\/vc_section]<\/p>\n","protected":false},"excerpt":{"rendered":"<p>[vc_row row_space=\u00bbremove_padding\u00bb][vc_column][gva_block_heading title=\u00bb\u00bfQuieres que tu empresa se beneficie ofreciendo Cr\u00e9dito Solvenza?\u00bb desc=\u00bbSi quieres aprender m\u00e1s sobre convertirte en socio comercial llena la siguiente informaci\u00f3n y pronto uno de nuestros agentes de venta te contactar\u00e1.\u00bb][vc_raw_js]JTNDc2NyaXB0JTNFJTBBZG9jdW1lbnQuYWRkRXZlbnRMaXN0ZW5lciUyOCUyMCUyN3dwY2Y3bWFpbHNlbnQlMjclMkMlMjBmdW5jdGlvbiUyOCUyMGV2ZW50JTIwJTI5JTIwJTdCJTBBJTIwJTIwJTIwJTIwY29uc29sZS5sb2clMjglMjdSZWRpcmlnaWVuZG8lMjBhJTIwcCVDMyVBMWdpbmElMjBkZSUyMGFncmFkZWNpbWllbnRvJTI3JTI5JTNCJTBBJTIwJTIwJTIwJTIwbG9jYXRpb24lMjAlM0QlMjAlMjdodHRwJTNBJTJGJTJGd3d3LnNvbHZlbnphLmhuJTJGc29sdmVuemFobiUyRmdyYWNpYXMlMkYlMjclM0IlMEElN0QlMkMlMjBmYWxzZSUyMCUyOSUzQiUwQSUzQyUyRnNjcmlwdCUzRQ==[\/vc_raw_js][\/vc_column][\/vc_row][vc_section el_id=\u00bbboton-get\u00bb][vc_row][vc_column][vc_btn title=\u00bbIniciemos\u00bb style=\u00bbflat\u00bb shape=\u00bbsquare\u00bb color=\u00bbsuccess\u00bb size=\u00bblg\u00bb align=\u00bbcenter\u00bb i_icon_fontawesome=\u00bbfa fa-arrow-circle-o-right\u00bb button_block=\u00bbtrue\u00bb add_icon=\u00bbtrue\u00bb link=\u00bburl:%2Fsolvenzahn%2Finiciemos%2F|title:Iniciemos||\u00bb][\/vc_column][\/vc_row][\/vc_section]<\/p>\n","protected":false},"author":4,"featured_media":0,"parent":0,"menu_order":0,"comment_status":"closed","ping_status":"closed","template":"","meta":{"om_disable_all_campaigns":false,"_uf_show_specific_survey":0,"_uf_disable_surveys":false,"cybocfi_hide_featured_image":""},"aioseo_notices":[],"_links":{"self":[{"href":"https:\/\/www.solvenza.hn\/solvenzahn\/wp-json\/wp\/v2\/pages\/4503"}],"collection":[{"href":"https:\/\/www.solvenza.hn\/solvenzahn\/wp-json\/wp\/v2\/pages"}],"about":[{"href":"https:\/\/www.solvenza.hn\/solvenzahn\/wp-json\/wp\/v2\/types\/page"}],"author":[{"embeddable":true,"href":"https:\/\/www.solvenza.hn\/solvenzahn\/wp-json\/wp\/v2\/users\/4"}],"replies":[{"embeddable":true,"href":"https:\/\/www.solvenza.hn\/solvenzahn\/wp-json\/wp\/v2\/comments?post=4503"}],"version-history":[{"count":15,"href":"https:\/\/www.solvenza.hn\/solvenzahn\/wp-json\/wp\/v2\/pages\/4503\/revisions"}],"predecessor-version":[{"id":5595,"href":"https:\/\/www.solvenza.hn\/solvenzahn\/wp-json\/wp\/v2\/pages\/4503\/revisions\/5595"}],"wp:attachment":[{"href":"https:\/\/www.solvenza.hn\/solvenzahn\/wp-json\/wp\/v2\/media?parent=4503"}],"curies":[{"name":"wp","href":"https:\/\/api.w.org\/{rel}","templated":true}]}}